{"id":291,"date":"2024-04-02T00:28:15","date_gmt":"2024-04-02T00:28:15","guid":{"rendered":"https:\/\/termocolor.com\/?page_id=291"},"modified":"2024-04-19T03:13:01","modified_gmt":"2024-04-19T03:13:01","slug":"termoformado-2","status":"publish","type":"page","link":"https:\/\/termocolor.com\/?page_id=291","title":{"rendered":"TERMOFORMADO"},"content":{"rendered":"\n<div class=\"wp-block-group alignfull is-layout-constrained wp-container-core-group-is-layout-b844a33e wp-block-group-is-layout-constrained\" style=\"margin-top:0px;margin-bottom:0px;padding-top:64px;padding-right:var(--wp--preset--spacing--60);padding-bottom:64px;padding-left:var(--wp--preset--spacing--60)\">\n<div class=\"wp-block-columns alignwide is-layout-flex wp-container-core-columns-is-layout-28f84493 wp-block-columns-is-layout-flex\">\n<div class=\"wp-block-column is-vertically-aligned-center is-layout-flow wp-block-column-is-layout-flow\">\n<p class=\"has-utendo-font-family\">La versatilidad de las im\u00e1genes termoformadas se manifiesta en su capacidad \u00fanica para adaptarse con precisi\u00f3n a la superficie en la que ser\u00e1n instaladas, independientemente de su forma o contorno.<\/p>\n\n\n\n<p class=\"has-utendo-font-family\">Esta caracter\u00edstica permite que las im\u00e1genes se integren de buena manera en una amplia variedad de aplicaciones, desde r\u00f3tulos de se\u00f1alizaci\u00f3n y exhibidores en puntos de venta.<\/p>\n\n\n\n<p class=\"has-utendo-font-family\">Al emplear diferentes niveles en los moldes utilizados en el proceso de termoformado, se logra un resultado visualmente impactante que resalta a\u00fan m\u00e1s la pieza final.<\/p>\n\n\n\n<p class=\"has-utendo-font-family\">Esta t\u00e9cnica proporciona un relieve adicional y un efecto tridimensional que aumenta la percepci\u00f3n de profundidad y textura, agregando un valor est\u00e9tico a los productos.<\/p>\n<\/div>\n\n\n\n<div class=\"wp-block-column is-vertically-aligned-center is-layout-flow wp-block-column-is-layout-flow\">\n<figure class=\"wp-block-image aligncenter size-large is-resized\"><img fetchpriority=\"high\" decoding=\"async\" width=\"768\" height=\"1024\" src=\"https:\/\/termocolor.com\/wp-content\/uploads\/2024\/04\/Termocolor-143-edited-1-768x1024.jpg\" alt=\"\" class=\"wp-image-605\" style=\"aspect-ratio:9\/16;object-fit:cover;width:366px;height:auto\" srcset=\"https:\/\/termocolor.com\/wp-content\/uploads\/2024\/04\/Termocolor-143-edited-1-768x1024.jpg 768w, https:\/\/termocolor.com\/wp-content\/uploads\/2024\/04\/Termocolor-143-edited-1-225x300.jpg 225w, https:\/\/termocolor.com\/wp-content\/uploads\/2024\/04\/Termocolor-143-edited-1-1152x1536.jpg 1152w, https:\/\/termocolor.com\/wp-content\/uploads\/2024\/04\/Termocolor-143-edited-1-1536x2048.jpg 1536w, https:\/\/termocolor.com\/wp-content\/uploads\/2024\/04\/Termocolor-143-edited-1-scaled.jpg 1920w\" sizes=\"(max-width: 768px) 100vw, 768px\" \/><\/figure>\n<\/div>\n\n\n\n<div class=\"wp-block-column is-vertically-aligned-center is-layout-flow wp-block-column-is-layout-flow\">\n<figure class=\"wp-block-image size-large\"><img decoding=\"async\" width=\"1440\" height=\"2560\" src=\"https:\/\/termocolor.com\/wp-content\/uploads\/2024\/04\/Termocolor-30-edited-scaled.jpg\" alt=\"\" class=\"wp-image-512\" srcset=\"https:\/\/termocolor.com\/wp-content\/uploads\/2024\/04\/Termocolor-30-edited-scaled.jpg 1440w, https:\/\/termocolor.com\/wp-content\/uploads\/2024\/04\/Termocolor-30-edited-169x300.jpg 169w, https:\/\/termocolor.com\/wp-content\/uploads\/2024\/04\/Termocolor-30-edited-576x1024.jpg 576w, https:\/\/termocolor.com\/wp-content\/uploads\/2024\/04\/Termocolor-30-edited-768x1365.jpg 768w, https:\/\/termocolor.com\/wp-content\/uploads\/2024\/04\/Termocolor-30-edited-864x1536.jpg 864w, https:\/\/termocolor.com\/wp-content\/uploads\/2024\/04\/Termocolor-30-edited-1152x2048.jpg 1152w\" sizes=\"(max-width: 1440px) 100vw, 1440px\" \/><\/figure>\n<\/div>\n<\/div>\n\n\n\n<div class=\"wp-block-columns alignwide are-vertically-aligned-center is-layout-flex wp-container-core-columns-is-layout-28f84493 wp-block-columns-is-layout-flex\">\n<div class=\"wp-block-column is-vertically-aligned-center is-layout-flow wp-block-column-is-layout-flow\" style=\"flex-basis:66%\">\n<figure class=\"wp-block-image aligncenter size-full\"><img decoding=\"async\" width=\"2560\" height=\"1707\" src=\"https:\/\/termocolor.com\/wp-content\/uploads\/2024\/04\/Termocolor-184-scaled.jpg\" alt=\"\" class=\"wp-image-602\" style=\"aspect-ratio:1;object-fit:cover\" srcset=\"https:\/\/termocolor.com\/wp-content\/uploads\/2024\/04\/Termocolor-184-scaled.jpg 2560w, https:\/\/termocolor.com\/wp-content\/uploads\/2024\/04\/Termocolor-184-300x200.jpg 300w, https:\/\/termocolor.com\/wp-content\/uploads\/2024\/04\/Termocolor-184-1024x683.jpg 1024w, https:\/\/termocolor.com\/wp-content\/uploads\/2024\/04\/Termocolor-184-768x512.jpg 768w, https:\/\/termocolor.com\/wp-content\/uploads\/2024\/04\/Termocolor-184-1536x1024.jpg 1536w, https:\/\/termocolor.com\/wp-content\/uploads\/2024\/04\/Termocolor-184-2048x1366.jpg 2048w\" sizes=\"(max-width: 2560px) 100vw, 2560px\" \/><\/figure>\n<\/div>\n\n\n\n<div class=\"wp-block-column is-vertically-aligned-center is-layout-flow wp-block-column-is-layout-flow\">\n<p class=\"has-utendo-font-family\">Adem\u00e1s, la posibilidad de utilizar el relieve como gu\u00eda para la troquelaci\u00f3n de piezas permite obtener cortes precisos y limpios, asegurando un acabado excepcional y una integraci\u00f3n perfecta en ensamblajes m\u00e1s complejos o en aplicaciones donde la precisi\u00f3n es crucial.<\/p>\n\n\n\n<p class=\"has-utendo-font-family\">La combinaci\u00f3n estrat\u00e9gica de formas espec\u00edficas y t\u00e9cnicas de impresi\u00f3n plana ofrece infinitas posibilidades creativas para la fabricaci\u00f3n de exhibidores personalizados. Esta sinergia entre la forma y la impresi\u00f3n permite la creaci\u00f3n de exhibidores que no solo son visualmente impactantes, sino tambi\u00e9n altamente funcionales y adaptados a las necesidades espec\u00edficas de cada cliente y entorno de exhibici\u00f3n.<\/p>\n\n\n\n<div class=\"wp-block-buttons has-utendo-font-family is-content-justification-center is-layout-flex wp-container-core-buttons-is-layout-a89b3969 wp-block-buttons-is-layout-flex\">\n<div class=\"wp-block-button is-style-outline is-style-outline--1\"><a class=\"wp-block-button__link has-ti-bg-color has-black-background-color has-text-color has-background has-link-color wp-element-button\" href=\"https:\/\/termocolor.com\/?page_id=105\">CONT\u00c1CTANOS<\/a><\/div>\n<\/div>\n<\/div>\n<\/div>\n<\/div>\n","protected":false},"excerpt":{"rendered":"<p>La versatilidad de las im\u00e1genes termoformadas se manifiesta en su capacidad \u00fanica para adaptarse con precisi\u00f3n a la superficie en la que ser\u00e1n instaladas, independientemente de su forma o contorno. Esta caracter\u00edstica permite que las im\u00e1genes se integren de buena manera en una amplia variedad de aplicaciones, desde r\u00f3tulos de se\u00f1alizaci\u00f3n y exhibidores en puntos [&hellip;]<\/p>\n","protected":false},"author":1,"featured_media":427,"parent":0,"menu_order":0,"comment_status":"closed","ping_status":"closed","template":"","meta":{"footnotes":""},"class_list":["post-291","page","type-page","status-publish","has-post-thumbnail","hentry"],"_links":{"self":[{"href":"https:\/\/termocolor.com\/index.php?rest_route=\/wp\/v2\/pages\/291","targetHints":{"allow":["GET"]}}],"collection":[{"href":"https:\/\/termocolor.com\/index.php?rest_route=\/wp\/v2\/pages"}],"about":[{"href":"https:\/\/termocolor.com\/index.php?rest_route=\/wp\/v2\/types\/page"}],"author":[{"embeddable":true,"href":"https:\/\/termocolor.com\/index.php?rest_route=\/wp\/v2\/users\/1"}],"replies":[{"embeddable":true,"href":"https:\/\/termocolor.com\/index.php?rest_route=%2Fwp%2Fv2%2Fcomments&post=291"}],"version-history":[{"count":10,"href":"https:\/\/termocolor.com\/index.php?rest_route=\/wp\/v2\/pages\/291\/revisions"}],"predecessor-version":[{"id":607,"href":"https:\/\/termocolor.com\/index.php?rest_route=\/wp\/v2\/pages\/291\/revisions\/607"}],"wp:featuredmedia":[{"embeddable":true,"href":"https:\/\/termocolor.com\/index.php?rest_route=\/wp\/v2\/media\/427"}],"wp:attachment":[{"href":"https:\/\/termocolor.com\/index.php?rest_route=%2Fwp%2Fv2%2Fmedia&parent=291"}],"curies":[{"name":"wp","href":"https:\/\/api.w.org\/{rel}","templated":true}]}}